{"id":43871,"date":"2020-08-03T15:19:02","date_gmt":"2020-08-03T15:19:02","guid":{"rendered":"https:\/\/old.grimselwelt.ch\/remontees-mecaniques\/"},"modified":"2025-12-08T14:39:58","modified_gmt":"2025-12-08T14:39:58","slug":"remontees-mecaniques","status":"publish","type":"page","link":"https:\/\/old.grimselwelt.ch\/fr\/remontees-mecaniques\/","title":{"rendered":"Remont\u00e9es m\u00e9caniques"},"content":{"rendered":"\t\t<div data-elementor-type=\"wp-page\" data-elementor-id=\"43871\" class=\"elementor elementor-43871 elementor-53\">\n\t\t\t\t\t\t<section class=\"elementor-section elementor-top-section elementor-element elementor-element-f0741df elementor-section-boxed elementor-section-height-default elementor-section-height-default\" data-id=\"f0741df\" data-element_type=\"section\" data-e-type=\"section\">\n\t\t\t\t\t\t<div class=\"elementor-container elementor-column-gap-default\">\n\t\t\t\t\t<div class=\"elementor-column elementor-col-100 elementor-top-column elementor-element elementor-element-0b45a5d\" data-id=\"0b45a5d\" data-element_type=\"column\" data-e-type=\"column\">\n\t\t\t<div class=\"elementor-widget-wrap elementor-element-populated\">\n\t\t\t\t\t\t<div class=\"elementor-element elementor-element-4634c97 elementor-widget elementor-widget-shortcode\" data-id=\"4634c97\" data-element_type=\"widget\" data-e-type=\"widget\" data-widget_type=\"shortcode.default\">\n\t\t\t\t<div class=\"elementor-widget-container\">\n\t\t\t\t\t<div id=\"status\" class=\"bulletin-container\"><ul class=\"bulletin\"><li class=\"close\"><p><strong>Gelmerbahn<\/strong><\/p><p class=\"bulletin-text\"> <\/p><\/li><li class=\"close\"><p><strong>Triftbahn<\/strong><\/p><p class=\"bulletin-text\"> <\/p><\/li><li class=\"close\"><p><strong>T\u00e4llibahn<\/strong><\/p><p class=\"bulletin-text\"> <\/p><\/li><li class=\"close\"><p><strong>Oberaarbahn<\/strong><\/p><p class=\"bulletin-text\"> <\/p><\/li><li class=\"close\"><p><strong>Sidelhornbahn<\/strong><\/p><p class=\"bulletin-text\"> <\/p><\/li><li class=\"close\"><p><strong>Hospizbahn<\/strong><\/p><p class=\"bulletin-text\"> <\/p><\/li><li class=\"close\"><p><strong>Reichenbachfall-Bahn<\/strong><\/p><p class=\"bulletin-text\"> <\/p><\/li><li class=\"close\"><p><strong>Gersteneggbahn<\/strong><\/p><p class=\"bulletin-text\"><a href=\"https:\/\/www.grimselwelt.ch\/bahnen\/gersteneggbahn\/\">Gersteneggbahn-Ersatz<\/a><\/p><\/li><\/ul><\/div>\t\t<div class=\"elementor-shortcode\"><\/div>\n\t\t\t\t\t\t<\/div>\n\t\t\t\t<\/div>\n\t\t\t\t<div class=\"elementor-element elementor-element-e65d767 elementor-button-success elementor-widget elementor-widget-button\" data-id=\"e65d767\" data-element_type=\"widget\" data-e-type=\"widget\" data-widget_type=\"button.default\">\n\t\t\t\t<div class=\"elementor-widget-container\">\n\t\t\t\t\t\t\t\t\t<div class=\"elementor-button-wrapper\">\n\t\t\t\t\t<a class=\"elementor-button elementor-button-link elementor-size-sm\" href=\"https:\/\/old.grimselwelt.ch\/shop\" target=\"_blank\">\n\t\t\t\t\t\t<span class=\"elementor-button-content-wrapper\">\n\t\t\t\t\t\t<span class=\"elementor-button-icon\">\n\t\t\t\t<i aria-hidden=\"true\" class=\"fas fa-ticket-alt\"><\/i>\t\t\t<\/span>\n\t\t\t\t\t\t\t\t\t<span class=\"elementor-button-text\">Acheter des billets<\/span>\n\t\t\t\t\t<\/span>\n\t\t\t\t\t<\/a>\n\t\t\t\t<\/div>\n\t\t\t\t\t\t\t\t<\/div>\n\t\t\t\t<\/div>\n\t\t\t\t<div class=\"elementor-element elementor-element-6ccb2c3 elementor-widget elementor-widget-spacer\" data-id=\"6ccb2c3\" data-element_type=\"widget\" data-e-type=\"widget\" data-widget_type=\"spacer.default\">\n\t\t\t\t<div class=\"elementor-widget-container\">\n\t\t\t\t\t\t\t<div class=\"elementor-spacer\">\n\t\t\t<div class=\"elementor-spacer-inner\"><\/div>\n\t\t<\/div>\n\t\t\t\t\t\t<\/div>\n\t\t\t\t<\/div>\n\t\t\t\t\t<\/div>\n\t\t<\/div>\n\t\t\t\t\t<\/div>\n\t\t<\/section>\n\t\t\t\t<section class=\"elementor-section elementor-top-section elementor-element elementor-element-e90a69a elementor-section-boxed elementor-section-height-default elementor-section-height-default\" data-id=\"e90a69a\" data-element_type=\"section\" data-e-type=\"section\">\n\t\t\t\t\t\t<div class=\"elementor-container elementor-column-gap-default\">\n\t\t\t\t\t<div class=\"elementor-column elementor-col-100 elementor-top-column elementor-element elementor-element-6ebb6af\" data-id=\"6ebb6af\" data-element_type=\"column\" data-e-type=\"column\">\n\t\t\t<div class=\"elementor-widget-wrap elementor-element-populated\">\n\t\t\t\t\t\t<div class=\"elementor-element elementor-element-0687d63 elementor-widget elementor-widget-heading\" data-id=\"0687d63\" data-element_type=\"widget\" data-e-type=\"widget\" data-widget_type=\"heading.default\">\n\t\t\t\t<div class=\"elementor-widget-container\">\n\t\t\t\t\t<h2 class=\"elementor-heading-title elementor-size-default\">Nos remont\u00e9es m\u00e9caniques surplombent l'Oberland bernois<\/h2>\t\t\t\t<\/div>\n\t\t\t\t<\/div>\n\t\t\t\t<div class=\"elementor-element elementor-element-b942122 elementor-widget elementor-widget-text-editor\" data-id=\"b942122\" data-element_type=\"widget\" data-e-type=\"widget\" data-widget_type=\"text-editor.default\">\n\t\t\t\t<div class=\"elementor-widget-container\">\n\t\t\t\t\t\t\t\t\t<p>Tous les chemins de fer de montagne du Grimselwelt ont \u00e9t\u00e9 construits comme chemins de fer d&rsquo;usine des <a href=\"https:\/\/www.grimselstrom.ch\/\" target=\"_blank\" rel=\"noopener\">Kraftwerke Oberhasli<\/a> et servent toujours \u00e0 l&rsquo;entretien de nos installations de production d&rsquo;\u00e9nergie. Aujourd&rsquo;hui, nous avons le plaisir de vous transporter &#8211; vous aussi, nos chers clients &#8211; sur ces chemins de fer de montagne uniques en leur genre ! <\/p><p>Alors si vous rencontrez nos collaborateurs en tenue de travail orange lors de votre excursion, ne vous inqui\u00e9tez pas : voici notre lieu de travail passionnant !<\/p>\t\t\t\t\t\t\t\t<\/div>\n\t\t\t\t<\/div>\n\t\t\t\t<div class=\"elementor-element elementor-element-b8b551e elementor-widget elementor-widget-button\" data-id=\"b8b551e\" data-element_type=\"widget\" data-e-type=\"widget\" data-widget_type=\"button.default\">\n\t\t\t\t<div class=\"elementor-widget-container\">\n\t\t\t\t\t\t\t\t\t<div class=\"elementor-button-wrapper\">\n\t\t\t\t\t<a class=\"elementor-button elementor-button-link elementor-size-sm\" href=\"https:\/\/old.grimselwelt.ch\/wandern-im-berner-oberland\/\">\n\t\t\t\t\t\t<span class=\"elementor-button-content-wrapper\">\n\t\t\t\t\t\t\t\t\t<span class=\"elementor-button-text\">Nos plus belles randonn\u00e9es<\/span>\n\t\t\t\t\t<\/span>\n\t\t\t\t\t<\/a>\n\t\t\t\t<\/div>\n\t\t\t\t\t\t\t\t<\/div>\n\t\t\t\t<\/div>\n\t\t\t\t\t<\/div>\n\t\t<\/div>\n\t\t\t\t\t<\/div>\n\t\t<\/section>\n\t\t\t\t<section class=\"elementor-section elementor-top-section elementor-element elementor-element-176ef66 elementor-section-full_width elementor-section-height-default elementor-section-height-default\" data-id=\"176ef66\" data-element_type=\"section\" data-e-type=\"section\">\n\t\t\t\t\t\t<div class=\"elementor-container elementor-column-gap-default\">\n\t\t\t\t\t<div class=\"elementor-column elementor-col-25 elementor-top-column elementor-element elementor-element-f609db5\" data-id=\"f609db5\" data-element_type=\"column\" data-e-type=\"column\">\n\t\t\t<div class=\"elementor-widget-wrap elementor-element-populated\">\n\t\t\t\t\t\t<div class=\"elementor-element elementor-element-537646e bdt-flip-box-effect-fade kwo-flip bdt-flip-box-easing-ease-out elementor-widget elementor-widget-bdt-flip-box\" data-id=\"537646e\" data-element_type=\"widget\" data-e-type=\"widget\" data-widget_type=\"bdt-flip-box.default\">\n\t\t\t\t<div class=\"elementor-widget-container\">\n\t\t\t\t\t\t\t<div class=\"bdt-flip-box\" data-settings=\"{&quot;flipTrigger&quot;:&quot;hover&quot;}\">\r\n\t\t\t<div class=\"bdt-flip-box-layer bdt-flip-box-front\">\r\n\t\t\t\t<div class=\"bdt-flip-box-layer-overlay\">\r\n\t\t\t\t\t<div class=\"bdt-flip-box-layer-inner\">\r\n\t\t\t\t\t\t\r\n\t\t\t\t\t\t\t\t\t\t\t\t\t<h3 class=\"bdt-flip-box-layer-title\">\r\n\t\t\t\t\t\t\t\tT\u00e9l\u00e9ph\u00e9rique de Gelmer\t\t\t\t\t\t\t<\/h3>\r\n\t\t\t\t\t\t\r\n\t\t\t\t\t\t\t\t\t\t\t<\/div>\r\n\t\t\t\t<\/div>\r\n\t\t\t<\/div>\r\n\t\t\t<a class=\"bdt-flip-box-layer bdt-flip-box-back\" href=\"https:\/\/old.grimselwelt.ch\/bahnen\/gelmerbahn\/\">\r\n\t\t\t\t<div class=\"bdt-flip-box-layer-overlay\">\r\n\t\t\t\t\t<div class=\"bdt-flip-box-layer-inner\">\r\n\t\t\t\t\t\t\t\t\t\t\t\t\t<h3 class=\"bdt-flip-box-layer-title\">\r\n\t\t\t\t\t\t\t\tT\u00e9l\u00e9ph\u00e9rique de Gelmer\t\t\t\t\t\t\t<\/h3>\r\n\t\t\t\t\t\t\r\n\t\t\t\t\t\t\t\t\t\t\t\t\t<div class=\"bdt-flip-box-layer-desc\">\r\n\t\t\t\t\t\t\t\tPrenez le funiculaire ouvert le plus raide d'Europe jusqu'au lac de Gelmer.  \t\t\t\t\t\t\t<\/div>\r\n\t\t\t\t\t\t\r\n\t\t\t\t\t\t\t\t\t\t\t\t\t<button class=\"bdt-flip-box-button elementor-button elementor-size-sm \">\r\n\t\t\t\t\t\t\t\tEn savoir plus\t\t\t\t\t\t\t<\/button>\r\n\t\t\t\t\t\t\t\t\t\t\t<\/div>\r\n\t\t\t\t<\/div>\r\n\t\t\t<\/a>\r\n\t\t<\/div>\r\n\t\t\t\t\t<\/div>\n\t\t\t\t<\/div>\n\t\t\t\t\t<\/div>\n\t\t<\/div>\n\t\t\t\t<div class=\"elementor-column elementor-col-25 elementor-top-column elementor-element elementor-element-659ddd1\" data-id=\"659ddd1\" data-element_type=\"column\" data-e-type=\"column\">\n\t\t\t<div class=\"elementor-widget-wrap elementor-element-populated\">\n\t\t\t\t\t\t<div class=\"elementor-element elementor-element-557cbea bdt-flip-box-effect-fade kwo-flip bdt-flip-box-easing-ease-out elementor-widget elementor-widget-bdt-flip-box\" data-id=\"557cbea\" data-element_type=\"widget\" data-e-type=\"widget\" data-widget_type=\"bdt-flip-box.default\">\n\t\t\t\t<div class=\"elementor-widget-container\">\n\t\t\t\t\t\t\t<div class=\"bdt-flip-box\" data-settings=\"{&quot;flipTrigger&quot;:&quot;hover&quot;}\">\r\n\t\t\t<div class=\"bdt-flip-box-layer bdt-flip-box-front\">\r\n\t\t\t\t<div class=\"bdt-flip-box-layer-overlay\">\r\n\t\t\t\t\t<div class=\"bdt-flip-box-layer-inner\">\r\n\t\t\t\t\t\t\r\n\t\t\t\t\t\t\t\t\t\t\t\t\t<h3 class=\"bdt-flip-box-layer-title\">\r\n\t\t\t\t\t\t\t\tT\u00e9l\u00e9ph\u00e9rique du Trift\t\t\t\t\t\t\t<\/h3>\r\n\t\t\t\t\t\t\r\n\t\t\t\t\t\t\t\t\t\t\t<\/div>\r\n\t\t\t\t<\/div>\r\n\t\t\t<\/div>\r\n\t\t\t<a class=\"bdt-flip-box-layer bdt-flip-box-back\" href=\"https:\/\/old.grimselwelt.ch\/bahnen\/triftbahn\/\">\r\n\t\t\t\t<div class=\"bdt-flip-box-layer-overlay\">\r\n\t\t\t\t\t<div class=\"bdt-flip-box-layer-inner\">\r\n\t\t\t\t\t\t\t\t\t\t\t\t\t<h3 class=\"bdt-flip-box-layer-title\">\r\n\t\t\t\t\t\t\t\tT\u00e9l\u00e9ph\u00e9rique du Trift\t\t\t\t\t\t\t<\/h3>\r\n\t\t\t\t\t\t\r\n\t\t\t\t\t\t\t\t\t\t\t\t\t<div class=\"bdt-flip-box-layer-desc\">\r\n\t\t\t\t\t\t\t\tTraverser les gorges du Trift pour rejoindre le point de d\u00e9part de la randonn\u00e9e vers le pont du Trift.\t\t\t\t\t\t\t<\/div>\r\n\t\t\t\t\t\t\r\n\t\t\t\t\t\t\t\t\t\t\t\t\t<button class=\"bdt-flip-box-button elementor-button elementor-size-sm \">\r\n\t\t\t\t\t\t\t\tEn savoir plus\t\t\t\t\t\t\t<\/button>\r\n\t\t\t\t\t\t\t\t\t\t\t<\/div>\r\n\t\t\t\t<\/div>\r\n\t\t\t<\/a>\r\n\t\t<\/div>\r\n\t\t\t\t\t<\/div>\n\t\t\t\t<\/div>\n\t\t\t\t\t<\/div>\n\t\t<\/div>\n\t\t\t\t<div class=\"elementor-column elementor-col-25 elementor-top-column elementor-element elementor-element-9fe6cf7\" data-id=\"9fe6cf7\" data-element_type=\"column\" data-e-type=\"column\">\n\t\t\t<div class=\"elementor-widget-wrap elementor-element-populated\">\n\t\t\t\t\t\t<div class=\"elementor-element elementor-element-5b5476d bdt-flip-box-effect-fade kwo-flip bdt-flip-box-easing-ease-out elementor-widget elementor-widget-bdt-flip-box\" data-id=\"5b5476d\" data-element_type=\"widget\" data-e-type=\"widget\" data-widget_type=\"bdt-flip-box.default\">\n\t\t\t\t<div class=\"elementor-widget-container\">\n\t\t\t\t\t\t\t<div class=\"bdt-flip-box\" data-settings=\"{&quot;flipTrigger&quot;:&quot;hover&quot;}\">\r\n\t\t\t<div class=\"bdt-flip-box-layer bdt-flip-box-front\">\r\n\t\t\t\t<div class=\"bdt-flip-box-layer-overlay\">\r\n\t\t\t\t\t<div class=\"bdt-flip-box-layer-inner\">\r\n\t\t\t\t\t\t\r\n\t\t\t\t\t\t\t\t\t\t\t\t\t<h3 class=\"bdt-flip-box-layer-title\">\r\n\t\t\t\t\t\t\t\tChemin de fer de l'Oberaar\t\t\t\t\t\t\t<\/h3>\r\n\t\t\t\t\t\t\r\n\t\t\t\t\t\t\t\t\t\t\t<\/div>\r\n\t\t\t\t<\/div>\r\n\t\t\t<\/div>\r\n\t\t\t<a class=\"bdt-flip-box-layer bdt-flip-box-back\" href=\"https:\/\/old.grimselwelt.ch\/bahnen\/oberaarbahn\/\">\r\n\t\t\t\t<div class=\"bdt-flip-box-layer-overlay\">\r\n\t\t\t\t\t<div class=\"bdt-flip-box-layer-inner\">\r\n\t\t\t\t\t\t\t\t\t\t\t\t\t<h3 class=\"bdt-flip-box-layer-title\">\r\n\t\t\t\t\t\t\t\tChemin de fer de l'Oberaar\t\t\t\t\t\t\t<\/h3>\r\n\t\t\t\t\t\t\r\n\t\t\t\t\t\t\t\t\t\t\t\t\t<div class=\"bdt-flip-box-layer-desc\">\r\n\t\t\t\t\t\t\t\tUn \"vol \u00e0 basse altitude\" \u00e0 couper le souffle au-dessus du monde du Grimsel.\t\t\t\t\t\t\t<\/div>\r\n\t\t\t\t\t\t\r\n\t\t\t\t\t\t\t\t\t\t\t\t\t<button class=\"bdt-flip-box-button elementor-button elementor-size-sm \">\r\n\t\t\t\t\t\t\t\tEn savoir plus\t\t\t\t\t\t\t<\/button>\r\n\t\t\t\t\t\t\t\t\t\t\t<\/div>\r\n\t\t\t\t<\/div>\r\n\t\t\t<\/a>\r\n\t\t<\/div>\r\n\t\t\t\t\t<\/div>\n\t\t\t\t<\/div>\n\t\t\t\t\t<\/div>\n\t\t<\/div>\n\t\t\t\t<div class=\"elementor-column elementor-col-25 elementor-top-column elementor-element elementor-element-2ab1eea\" data-id=\"2ab1eea\" data-element_type=\"column\" data-e-type=\"column\">\n\t\t\t<div class=\"elementor-widget-wrap elementor-element-populated\">\n\t\t\t\t\t\t<div class=\"elementor-element elementor-element-ec953bc bdt-flip-box-effect-fade kwo-flip bdt-flip-box-easing-ease-out elementor-widget elementor-widget-bdt-flip-box\" data-id=\"ec953bc\" data-element_type=\"widget\" data-e-type=\"widget\" data-widget_type=\"bdt-flip-box.default\">\n\t\t\t\t<div class=\"elementor-widget-container\">\n\t\t\t\t\t\t\t<div class=\"bdt-flip-box\" data-settings=\"{&quot;flipTrigger&quot;:&quot;hover&quot;}\">\r\n\t\t\t<div class=\"bdt-flip-box-layer bdt-flip-box-front\">\r\n\t\t\t\t<div class=\"bdt-flip-box-layer-overlay\">\r\n\t\t\t\t\t<div class=\"bdt-flip-box-layer-inner\">\r\n\t\t\t\t\t\t\r\n\t\t\t\t\t\t\t\t\t\t\t\t\t<h3 class=\"bdt-flip-box-layer-title\">\r\n\t\t\t\t\t\t\t\tChemin de fer des chutes du Reichenbach\t\t\t\t\t\t\t<\/h3>\r\n\t\t\t\t\t\t\r\n\t\t\t\t\t\t\t\t\t\t\t<\/div>\r\n\t\t\t\t<\/div>\r\n\t\t\t<\/div>\r\n\t\t\t<a class=\"bdt-flip-box-layer bdt-flip-box-back\" href=\"https:\/\/old.grimselwelt.ch\/bahnen\/reichenbachfall-bahn\/\">\r\n\t\t\t\t<div class=\"bdt-flip-box-layer-overlay\">\r\n\t\t\t\t\t<div class=\"bdt-flip-box-layer-inner\">\r\n\t\t\t\t\t\t\t\t\t\t\t\t\t<h3 class=\"bdt-flip-box-layer-title\">\r\n\t\t\t\t\t\t\t\tChemin de fer des chutes du Reichenbach\t\t\t\t\t\t\t<\/h3>\r\n\t\t\t\t\t\t\r\n\t\t\t\t\t\t\t\t\t\t\t\t\t<div class=\"bdt-flip-box-layer-desc\">\r\n\t\t\t\t\t\t\t\tSur les traces de Sherlock Holmes.\t\t\t\t\t\t\t<\/div>\r\n\t\t\t\t\t\t\r\n\t\t\t\t\t\t\t\t\t\t\t\t\t<button class=\"bdt-flip-box-button elementor-button elementor-size-sm \">\r\n\t\t\t\t\t\t\t\tEn savoir plus\t\t\t\t\t\t\t<\/button>\r\n\t\t\t\t\t\t\t\t\t\t\t<\/div>\r\n\t\t\t\t<\/div>\r\n\t\t\t<\/a>\r\n\t\t<\/div>\r\n\t\t\t\t\t<\/div>\n\t\t\t\t<\/div>\n\t\t\t\t\t<\/div>\n\t\t<\/div>\n\t\t\t\t\t<\/div>\n\t\t<\/section>\n\t\t\t\t<section class=\"elementor-section elementor-top-section elementor-element elementor-element-47b6516 elementor-section-full_width elementor-section-height-default elementor-section-height-default\" data-id=\"47b6516\" data-element_type=\"section\" data-e-type=\"section\">\n\t\t\t\t\t\t<div class=\"elementor-container elementor-column-gap-default\">\n\t\t\t\t\t<div class=\"elementor-column elementor-col-25 elementor-top-column elementor-element elementor-element-6f82966\" data-id=\"6f82966\" data-element_type=\"column\" data-e-type=\"column\">\n\t\t\t<div class=\"elementor-widget-wrap elementor-element-populated\">\n\t\t\t\t\t\t<div class=\"elementor-element elementor-element-e7edb79 bdt-flip-box-effect-fade kwo-flip bdt-flip-box-easing-ease-out elementor-widget elementor-widget-bdt-flip-box\" data-id=\"e7edb79\" data-element_type=\"widget\" data-e-type=\"widget\" data-widget_type=\"bdt-flip-box.default\">\n\t\t\t\t<div class=\"elementor-widget-container\">\n\t\t\t\t\t\t\t<div class=\"bdt-flip-box\" data-settings=\"{&quot;flipTrigger&quot;:&quot;hover&quot;}\">\r\n\t\t\t<div class=\"bdt-flip-box-layer bdt-flip-box-front\">\r\n\t\t\t\t<div class=\"bdt-flip-box-layer-overlay\">\r\n\t\t\t\t\t<div class=\"bdt-flip-box-layer-inner\">\r\n\t\t\t\t\t\t\r\n\t\t\t\t\t\t\t\t\t\t\t\t\t<h3 class=\"bdt-flip-box-layer-title\">\r\n\t\t\t\t\t\t\t\tT\u00e9l\u00e9ph\u00e9rique de Gerstenegg\t\t\t\t\t\t\t<\/h3>\r\n\t\t\t\t\t\t\r\n\t\t\t\t\t\t\t\t\t\t\t<\/div>\r\n\t\t\t\t<\/div>\r\n\t\t\t<\/div>\r\n\t\t\t<a class=\"bdt-flip-box-layer bdt-flip-box-back\" href=\"https:\/\/old.grimselwelt.ch\/bahnen\/gersteneggbahn\/\">\r\n\t\t\t\t<div class=\"bdt-flip-box-layer-overlay\">\r\n\t\t\t\t\t<div class=\"bdt-flip-box-layer-inner\">\r\n\t\t\t\t\t\t\t\t\t\t\t\t\t<h3 class=\"bdt-flip-box-layer-title\">\r\n\t\t\t\t\t\t\t\tT\u00e9l\u00e9ph\u00e9rique de Gerstenegg\t\t\t\t\t\t\t<\/h3>\r\n\t\t\t\t\t\t\r\n\t\t\t\t\t\t\t\t\t\t\t\t\t<div class=\"bdt-flip-box-layer-desc\">\r\n\t\t\t\t\t\t\t\tActivit\u00e9 hivernale pour les h\u00f4tes de l'hospice, les randonneurs \u00e0 ski et les randonneurs d'hiver.\n\t\t\t\t\t\t\t<\/div>\r\n\t\t\t\t\t\t\r\n\t\t\t\t\t\t\t\t\t\t\t\t\t<button class=\"bdt-flip-box-button elementor-button elementor-size-sm \">\r\n\t\t\t\t\t\t\t\tEn savoir plus\t\t\t\t\t\t\t<\/button>\r\n\t\t\t\t\t\t\t\t\t\t\t<\/div>\r\n\t\t\t\t<\/div>\r\n\t\t\t<\/a>\r\n\t\t<\/div>\r\n\t\t\t\t\t<\/div>\n\t\t\t\t<\/div>\n\t\t\t\t\t<\/div>\n\t\t<\/div>\n\t\t\t\t<div class=\"elementor-column elementor-col-25 elementor-top-column elementor-element elementor-element-05d62b1\" data-id=\"05d62b1\" data-element_type=\"column\" data-e-type=\"column\">\n\t\t\t<div class=\"elementor-widget-wrap elementor-element-populated\">\n\t\t\t\t\t\t<div class=\"elementor-element elementor-element-abffe49 bdt-flip-box-effect-fade kwo-flip bdt-flip-box-easing-ease-out elementor-widget elementor-widget-bdt-flip-box\" data-id=\"abffe49\" data-element_type=\"widget\" data-e-type=\"widget\" data-widget_type=\"bdt-flip-box.default\">\n\t\t\t\t<div class=\"elementor-widget-container\">\n\t\t\t\t\t\t\t<div class=\"bdt-flip-box\" data-settings=\"{&quot;flipTrigger&quot;:&quot;hover&quot;}\">\r\n\t\t\t<div class=\"bdt-flip-box-layer bdt-flip-box-front\">\r\n\t\t\t\t<div class=\"bdt-flip-box-layer-overlay\">\r\n\t\t\t\t\t<div class=\"bdt-flip-box-layer-inner\">\r\n\t\t\t\t\t\t\r\n\t\t\t\t\t\t\t\t\t\t\t\t\t<h3 class=\"bdt-flip-box-layer-title\">\r\n\t\t\t\t\t\t\t\tT\u00e9l\u00e9ph\u00e9rique T\u00e4lli\t\t\t\t\t\t\t<\/h3>\r\n\t\t\t\t\t\t\r\n\t\t\t\t\t\t\t\t\t\t\t<\/div>\r\n\t\t\t\t<\/div>\r\n\t\t\t<\/div>\r\n\t\t\t<a class=\"bdt-flip-box-layer bdt-flip-box-back\" href=\"https:\/\/old.grimselwelt.ch\/bahnen\/taellibahn\/\">\r\n\t\t\t\t<div class=\"bdt-flip-box-layer-overlay\">\r\n\t\t\t\t\t<div class=\"bdt-flip-box-layer-inner\">\r\n\t\t\t\t\t\t\t\t\t\t\t\t\t<h3 class=\"bdt-flip-box-layer-title\">\r\n\t\t\t\t\t\t\t\tT\u00e9l\u00e9ph\u00e9rique T\u00e4lli\t\t\t\t\t\t\t<\/h3>\r\n\t\t\t\t\t\t\r\n\t\t\t\t\t\t\t\t\t\t\t\t\t<div class=\"bdt-flip-box-layer-desc\">\r\n\t\t\t\t\t\t\t\tAu pied des Dolomites de Gadmer.\t\t\t\t\t\t\t<\/div>\r\n\t\t\t\t\t\t\r\n\t\t\t\t\t\t\t\t\t\t\t\t\t<button class=\"bdt-flip-box-button elementor-button elementor-size-sm \">\r\n\t\t\t\t\t\t\t\tEn savoir plus\t\t\t\t\t\t\t<\/button>\r\n\t\t\t\t\t\t\t\t\t\t\t<\/div>\r\n\t\t\t\t<\/div>\r\n\t\t\t<\/a>\r\n\t\t<\/div>\r\n\t\t\t\t\t<\/div>\n\t\t\t\t<\/div>\n\t\t\t\t\t<\/div>\n\t\t<\/div>\n\t\t\t\t<div class=\"elementor-column elementor-col-25 elementor-top-column elementor-element elementor-element-94b2ce7\" data-id=\"94b2ce7\" data-element_type=\"column\" data-e-type=\"column\">\n\t\t\t<div class=\"elementor-widget-wrap elementor-element-populated\">\n\t\t\t\t\t\t<div class=\"elementor-element elementor-element-2f97aa2 bdt-flip-box-effect-fade kwo-flip bdt-flip-box-easing-ease-out elementor-widget elementor-widget-bdt-flip-box\" data-id=\"2f97aa2\" data-element_type=\"widget\" data-e-type=\"widget\" data-widget_type=\"bdt-flip-box.default\">\n\t\t\t\t<div class=\"elementor-widget-container\">\n\t\t\t\t\t\t\t<div class=\"bdt-flip-box\" data-settings=\"{&quot;flipTrigger&quot;:&quot;hover&quot;}\">\r\n\t\t\t<div class=\"bdt-flip-box-layer bdt-flip-box-front\">\r\n\t\t\t\t<div class=\"bdt-flip-box-layer-overlay\">\r\n\t\t\t\t\t<div class=\"bdt-flip-box-layer-inner\">\r\n\t\t\t\t\t\t\r\n\t\t\t\t\t\t\t\t\t\t\t\t\t<h3 class=\"bdt-flip-box-layer-title\">\r\n\t\t\t\t\t\t\t\tTrain de l'hospice\t\t\t\t\t\t\t<\/h3>\r\n\t\t\t\t\t\t\r\n\t\t\t\t\t\t\t\t\t\t\t<\/div>\r\n\t\t\t\t<\/div>\r\n\t\t\t<\/div>\r\n\t\t\t<a class=\"bdt-flip-box-layer bdt-flip-box-back\" href=\"https:\/\/old.grimselwelt.ch\/bahnen\/hospizbahn\/\">\r\n\t\t\t\t<div class=\"bdt-flip-box-layer-overlay\">\r\n\t\t\t\t\t<div class=\"bdt-flip-box-layer-inner\">\r\n\t\t\t\t\t\t\t\t\t\t\t\t\t<h3 class=\"bdt-flip-box-layer-title\">\r\n\t\t\t\t\t\t\t\tTrain de l'hospice\t\t\t\t\t\t\t<\/h3>\r\n\t\t\t\t\t\t\r\n\t\t\t\t\t\t\t\t\t\t\t\t\t<div class=\"bdt-flip-box-layer-desc\">\r\n\t\t\t\t\t\t\t\tDu Grimsel Hospiz \u00e0 la r\u00e9gion de randonn\u00e9e.\t\t\t\t\t\t\t<\/div>\r\n\t\t\t\t\t\t\r\n\t\t\t\t\t\t\t\t\t\t\t\t\t<button class=\"bdt-flip-box-button elementor-button elementor-size-sm \">\r\n\t\t\t\t\t\t\t\tEn savoir plus\t\t\t\t\t\t\t<\/button>\r\n\t\t\t\t\t\t\t\t\t\t\t<\/div>\r\n\t\t\t\t<\/div>\r\n\t\t\t<\/a>\r\n\t\t<\/div>\r\n\t\t\t\t\t<\/div>\n\t\t\t\t<\/div>\n\t\t\t\t\t<\/div>\n\t\t<\/div>\n\t\t\t\t<div class=\"elementor-column elementor-col-25 elementor-top-column elementor-element elementor-element-8331f67\" data-id=\"8331f67\" data-element_type=\"column\" data-e-type=\"column\">\n\t\t\t<div class=\"elementor-widget-wrap elementor-element-populated\">\n\t\t\t\t\t\t<div class=\"elementor-element elementor-element-ec80ac8 bdt-flip-box-effect-fade kwo-flip bdt-flip-box-easing-ease-out elementor-widget elementor-widget-bdt-flip-box\" data-id=\"ec80ac8\" data-element_type=\"widget\" data-e-type=\"widget\" data-widget_type=\"bdt-flip-box.default\">\n\t\t\t\t<div class=\"elementor-widget-container\">\n\t\t\t\t\t\t\t<div class=\"bdt-flip-box\" data-settings=\"{&quot;flipTrigger&quot;:&quot;hover&quot;}\">\r\n\t\t\t<div class=\"bdt-flip-box-layer bdt-flip-box-front\">\r\n\t\t\t\t<div class=\"bdt-flip-box-layer-overlay\">\r\n\t\t\t\t\t<div class=\"bdt-flip-box-layer-inner\">\r\n\t\t\t\t\t\t\r\n\t\t\t\t\t\t\t\t\t\t\t\t\t<h3 class=\"bdt-flip-box-layer-title\">\r\n\t\t\t\t\t\t\t\tT\u00e9l\u00e9ph\u00e9rique du Sidelhorn\t\t\t\t\t\t\t<\/h3>\r\n\t\t\t\t\t\t\r\n\t\t\t\t\t\t\t\t\t\t\t<\/div>\r\n\t\t\t\t<\/div>\r\n\t\t\t<\/div>\r\n\t\t\t<a class=\"bdt-flip-box-layer bdt-flip-box-back\" href=\"https:\/\/old.grimselwelt.ch\/bahnen\/sidelhornbahn\/\">\r\n\t\t\t\t<div class=\"bdt-flip-box-layer-overlay\">\r\n\t\t\t\t\t<div class=\"bdt-flip-box-layer-inner\">\r\n\t\t\t\t\t\t\t\t\t\t\t\t\t<h3 class=\"bdt-flip-box-layer-title\">\r\n\t\t\t\t\t\t\t\tT\u00e9l\u00e9ph\u00e9rique du Sidelhorn\t\t\t\t\t\t\t<\/h3>\r\n\t\t\t\t\t\t\r\n\t\t\t\t\t\t\t\t\t\t\t\t\t<div class=\"bdt-flip-box-layer-desc\">\r\n\t\t\t\t\t\t\t\tVia le lac du Grimsel, vers les itin\u00e9raires de randonn\u00e9e du Sidelhorn.\t\t\t\t\t\t\t<\/div>\r\n\t\t\t\t\t\t\r\n\t\t\t\t\t\t\t\t\t\t\t\t\t<button class=\"bdt-flip-box-button elementor-button elementor-size-sm \">\r\n\t\t\t\t\t\t\t\tEn savoir plus\t\t\t\t\t\t\t<\/button>\r\n\t\t\t\t\t\t\t\t\t\t\t<\/div>\r\n\t\t\t\t<\/div>\r\n\t\t\t<\/a>\r\n\t\t<\/div>\r\n\t\t\t\t\t<\/div>\n\t\t\t\t<\/div>\n\t\t\t\t\t<\/div>\n\t\t<\/div>\n\t\t\t\t\t<\/div>\n\t\t<\/section>\n\t\t\t\t<section class=\"elementor-section elementor-top-section elementor-element elementor-element-a52f1fe elementor-section-boxed elementor-section-height-default elementor-section-height-default\" data-id=\"a52f1fe\" data-element_type=\"section\" data-e-type=\"section\">\n\t\t\t\t\t\t<div class=\"elementor-container elementor-column-gap-default\">\n\t\t\t\t\t<div class=\"elementor-column elementor-col-100 elementor-top-column elementor-element elementor-element-8fce2d5\" data-id=\"8fce2d5\" data-element_type=\"column\" data-e-type=\"column\">\n\t\t\t<div class=\"elementor-widget-wrap elementor-element-populated\">\n\t\t\t\t\t\t<div class=\"elementor-element elementor-element-f307a55 elementor-widget elementor-widget-heading\" data-id=\"f307a55\" data-element_type=\"widget\" data-e-type=\"widget\" data-widget_type=\"heading.default\">\n\t\t\t\t<div class=\"elementor-widget-container\">\n\t\t\t\t\t<h2 class=\"elementor-heading-title elementor-size-default\">Heures d'ouverture<\/h2>\t\t\t\t<\/div>\n\t\t\t\t<\/div>\n\t\t\t\t<div class=\"elementor-element elementor-element-f710575 elementor-widget elementor-widget-text-editor\" data-id=\"f710575\" data-element_type=\"widget\" data-e-type=\"widget\" data-widget_type=\"text-editor.default\">\n\t\t\t\t<div class=\"elementor-widget-container\">\n\t\t\t\t\t\t\t\t\t<p><strong>T\u00e9l\u00e9ph\u00e9rique de Gerstenegg<br><\/strong>geschlossen<\/p><p><strong>Chemin de fer des chutes du Reichenbach<\/strong><br>2. Mai \u2013 4. Oktober 2026<\/p><p><strong>T\u00e9l\u00e9ph\u00e9rique T\u00e4lli<br><\/strong>10. Mai \u2013 25. Oktober 2026<\/p><p><strong>T\u00e9l\u00e9ph\u00e9rique de Gelmer<br><\/strong>6. Juni \u2013 25. Oktober 2026<\/p><p><strong>T\u00e9l\u00e9ph\u00e9rique du Sidelhorn<br><\/strong>6. Juni \u2013 25. Oktober 2026<\/p><p><strong>Train de l&rsquo;hospice<br><\/strong>6. Juni \u2013 25. Oktober 2026<strong><br><\/strong><\/p><p><strong>T\u00e9l\u00e9ph\u00e9rique du Trift<br><\/strong>6. Juni \u2013 25. Oktober 2026<\/p><p><strong>Chemin de fer de l&rsquo;Oberaar<br><\/strong>26. Juni \u2013 4. Oktober 2026<\/p>\t\t\t\t\t\t\t\t<\/div>\n\t\t\t\t<\/div>\n\t\t\t\t\t<\/div>\n\t\t<\/div>\n\t\t\t\t\t<\/div>\n\t\t<\/section>\n\t\t\t\t<\/div>\n\t\t","protected":false},"excerpt":{"rendered":"<p>Acheter des billets Nos remont\u00e9es m\u00e9caniques surplombent l&rsquo;Oberland bernois Tous les chemins de fer de montagne du Grimselwelt ont \u00e9t\u00e9 construits comme chemins de fer d&rsquo;usine des Kraftwerke Oberhasli et servent toujours \u00e0 l&rsquo;entretien de nos installations de production d&rsquo;\u00e9nergie. [&hellip;]<\/p>\n","protected":false},"author":1,"featured_media":43886,"parent":0,"menu_order":0,"comment_status":"closed","ping_status":"closed","template":"","meta":{"footnotes":""},"class_list":["post-43871","page","type-page","status-publish","has-post-thumbnail","hentry"],"_links":{"self":[{"href":"https:\/\/old.grimselwelt.ch\/fr\/wp-json\/wp\/v2\/pages\/43871","targetHints":{"allow":["GET"]}}],"collection":[{"href":"https:\/\/old.grimselwelt.ch\/fr\/wp-json\/wp\/v2\/pages"}],"about":[{"href":"https:\/\/old.grimselwelt.ch\/fr\/wp-json\/wp\/v2\/types\/page"}],"author":[{"embeddable":true,"href":"https:\/\/old.grimselwelt.ch\/fr\/wp-json\/wp\/v2\/users\/1"}],"replies":[{"embeddable":true,"href":"https:\/\/old.grimselwelt.ch\/fr\/wp-json\/wp\/v2\/comments?post=43871"}],"version-history":[{"count":5,"href":"https:\/\/old.grimselwelt.ch\/fr\/wp-json\/wp\/v2\/pages\/43871\/revisions"}],"predecessor-version":[{"id":43960,"href":"https:\/\/old.grimselwelt.ch\/fr\/wp-json\/wp\/v2\/pages\/43871\/revisions\/43960"}],"wp:featuredmedia":[{"embeddable":true,"href":"https:\/\/old.grimselwelt.ch\/fr\/wp-json\/wp\/v2\/media\/43886"}],"wp:attachment":[{"href":"https:\/\/old.grimselwelt.ch\/fr\/wp-json\/wp\/v2\/media?parent=43871"}],"curies":[{"name":"wp","href":"https:\/\/api.w.org\/{rel}","templated":true}]}}