{"id":43707,"date":"2020-08-03T11:32:19","date_gmt":"2020-08-03T11:32:19","guid":{"rendered":"https:\/\/old.grimselwelt.ch\/bienvenue-dans-le-monde-du-grimsel\/"},"modified":"2025-12-15T13:13:49","modified_gmt":"2025-12-15T13:13:49","slug":"bienvenue-dans-le-monde-du-grimsel","status":"publish","type":"page","link":"https:\/\/old.grimselwelt.ch\/fr\/","title":{"rendered":"Bienvenue dans le monde du Grimsel"},"content":{"rendered":"\t\t<div data-elementor-type=\"wp-page\" data-elementor-id=\"43707\" class=\"elementor elementor-43707 elementor-7\">\n\t\t\t\t\t\t<section class=\"elementor-section elementor-top-section elementor-element elementor-element-70414ba elementor-section-boxed elementor-section-height-default elementor-section-height-default\" data-id=\"70414ba\" data-element_type=\"section\" data-e-type=\"section\">\n\t\t\t\t\t\t<div class=\"elementor-container elementor-column-gap-default\">\n\t\t\t\t\t<div class=\"elementor-column elementor-col-100 elementor-top-column elementor-element elementor-element-d939649\" data-id=\"d939649\" data-element_type=\"column\" data-e-type=\"column\">\n\t\t\t<div class=\"elementor-widget-wrap elementor-element-populated\">\n\t\t\t\t\t\t<div class=\"elementor-element elementor-element-c9db620 elementor-widget elementor-widget-heading\" data-id=\"c9db620\" data-element_type=\"widget\" data-e-type=\"widget\" data-widget_type=\"heading.default\">\n\t\t\t\t<div class=\"elementor-widget-container\">\n\t\t\t\t\t<h2 class=\"elementor-heading-title elementor-size-default\">Le monde de l'hydro\u00e9lectricit\u00e9<\/h2>\t\t\t\t<\/div>\n\t\t\t\t<\/div>\n\t\t\t\t<div class=\"elementor-element elementor-element-6752bc6 elementor-widget elementor-widget-text-editor\" data-id=\"6752bc6\" data-element_type=\"widget\" data-e-type=\"widget\" data-widget_type=\"text-editor.default\">\n\t\t\t\t<div class=\"elementor-widget-container\">\n\t\t\t\t\t\t\t\t\t<p>D\u00e9couvrez des remont\u00e9es m\u00e9caniques spectaculaires, explorez des lacs de barrage vert \u00e9meraude, laissez-vous guider \u00e0 travers nos centrales \u00e9lectriques souterraines et d\u00e9tendez-vous dans nos charmants h\u00f4tels de montagne.<\/p><p>Ici, chaque excursion devient une exp\u00e9rience inoubliable !<\/p>\t\t\t\t\t\t\t\t<\/div>\n\t\t\t\t<\/div>\n\t\t\t\t\t<\/div>\n\t\t<\/div>\n\t\t\t\t\t<\/div>\n\t\t<\/section>\n\t\t\t\t<section class=\"elementor-section elementor-top-section elementor-element elementor-element-3f25139 elementor-section-boxed elementor-section-height-default elementor-section-height-default\" data-id=\"3f25139\" data-element_type=\"section\" data-e-type=\"section\">\n\t\t\t\t\t\t<div class=\"elementor-container elementor-column-gap-default\">\n\t\t\t\t\t<div class=\"elementor-column elementor-col-100 elementor-top-column elementor-element elementor-element-4952513\" data-id=\"4952513\" data-element_type=\"column\" data-e-type=\"column\">\n\t\t\t<div class=\"elementor-widget-wrap elementor-element-populated\">\n\t\t\t\t\t\t<div class=\"elementor-element elementor-element-231a13d elementor-widget elementor-widget-heading\" data-id=\"231a13d\" data-element_type=\"widget\" data-e-type=\"widget\" data-widget_type=\"heading.default\">\n\t\t\t\t<div class=\"elementor-widget-container\">\n\t\t\t\t\t<span class=\"elementor-heading-title elementor-size-default\">Actualit\u00e9s<\/span>\t\t\t\t<\/div>\n\t\t\t\t<\/div>\n\t\t\t\t\t<\/div>\n\t\t<\/div>\n\t\t\t\t\t<\/div>\n\t\t<\/section>\n\t\t\t\t<section class=\"elementor-section elementor-top-section elementor-element elementor-element-362a399 elementor-section-boxed elementor-section-height-default elementor-section-height-default\" data-id=\"362a399\" data-element_type=\"section\" data-e-type=\"section\">\n\t\t\t\t\t\t<div class=\"elementor-container elementor-column-gap-default\">\n\t\t\t\t\t<div class=\"elementor-column elementor-col-33 elementor-top-column elementor-element elementor-element-6265eb9\" data-id=\"6265eb9\" data-element_type=\"column\" data-e-type=\"column\">\n\t\t\t<div class=\"elementor-widget-wrap elementor-element-populated\">\n\t\t\t\t\t\t<div class=\"elementor-element elementor-element-c4cd1b7 elementor-widget elementor-widget-heading\" data-id=\"c4cd1b7\" data-element_type=\"widget\" data-e-type=\"widget\" data-widget_type=\"heading.default\">\n\t\t\t\t<div class=\"elementor-widget-container\">\n\t\t\t\t\t<h3 class=\"elementor-heading-title elementor-size-default\">Visites guid\u00e9es hivernales<\/h3>\t\t\t\t<\/div>\n\t\t\t\t<\/div>\n\t\t\t\t<div class=\"elementor-element elementor-element-c931e11 elementor-widget elementor-widget-image\" data-id=\"c931e11\" data-element_type=\"widget\" data-e-type=\"widget\" data-widget_type=\"image.default\">\n\t\t\t\t<div class=\"elementor-widget-container\">\n\t\t\t\t\t\t\t\t\t\t\t\t\t\t\t<img fetchpriority=\"high\" decoding=\"async\" width=\"1024\" height=\"683\" src=\"https:\/\/old.grimselwelt.ch\/media\/kraftwerksfuehrung-handeck-2-schieberkammer-1-1024x683.jpg\" class=\"attachment-large size-large wp-image-44034\" alt=\"Eine Gruppe besichtigt die Kugelschieber des Kraftwerks Handeck 2.\" srcset=\"https:\/\/old.grimselwelt.ch\/media\/kraftwerksfuehrung-handeck-2-schieberkammer-1-1024x683.jpg 1024w, https:\/\/old.grimselwelt.ch\/media\/kraftwerksfuehrung-handeck-2-schieberkammer-1-300x200.jpg 300w, https:\/\/old.grimselwelt.ch\/media\/kraftwerksfuehrung-handeck-2-schieberkammer-1-768x512.jpg 768w, https:\/\/old.grimselwelt.ch\/media\/kraftwerksfuehrung-handeck-2-schieberkammer-1-1536x1025.jpg 1536w, https:\/\/old.grimselwelt.ch\/media\/kraftwerksfuehrung-handeck-2-schieberkammer-1-830x554.jpg 830w, https:\/\/old.grimselwelt.ch\/media\/kraftwerksfuehrung-handeck-2-schieberkammer-1-230x153.jpg 230w, https:\/\/old.grimselwelt.ch\/media\/kraftwerksfuehrung-handeck-2-schieberkammer-1-350x234.jpg 350w, https:\/\/old.grimselwelt.ch\/media\/kraftwerksfuehrung-handeck-2-schieberkammer-1-480x320.jpg 480w, https:\/\/old.grimselwelt.ch\/media\/kraftwerksfuehrung-handeck-2-schieberkammer-1-750x500.jpg 750w, https:\/\/old.grimselwelt.ch\/media\/kraftwerksfuehrung-handeck-2-schieberkammer-1.jpg 1920w\" sizes=\"(max-width: 1024px) 100vw, 1024px\" \/>\t\t\t\t\t\t\t\t\t\t\t\t\t\t\t<\/div>\n\t\t\t\t<\/div>\n\t\t\t\t<div class=\"elementor-element elementor-element-eefd11c elementor-widget elementor-widget-text-editor\" data-id=\"eefd11c\" data-element_type=\"widget\" data-e-type=\"widget\" data-widget_type=\"text-editor.default\">\n\t\t\t\t<div class=\"elementor-widget-container\">\n\t\t\t\t\t\t\t\t\t<p>Depuis le 20 octobre 2025, nous proposons notre programme d&rsquo;hiver. D\u00e9couvrez des visites guid\u00e9es passionnantes au plus profond du monde souterrain du Grimsel. <\/p><p>Une excursion optimale m\u00eame pour un programme de mauvais temps.<\/p>\t\t\t\t\t\t\t\t<\/div>\n\t\t\t\t<\/div>\n\t\t\t\t<div class=\"elementor-element elementor-element-e8e68f8 elementor-align-center elementor-widget elementor-widget-button\" data-id=\"e8e68f8\" data-element_type=\"widget\" data-e-type=\"widget\" data-widget_type=\"button.default\">\n\t\t\t\t<div class=\"elementor-widget-container\">\n\t\t\t\t\t\t\t\t\t<div class=\"elementor-button-wrapper\">\n\t\t\t\t\t<a class=\"elementor-button elementor-button-link elementor-size-sm\" href=\"https:\/\/old.grimselwelt.ch\/besichtigungen\/\">\n\t\t\t\t\t\t<span class=\"elementor-button-content-wrapper\">\n\t\t\t\t\t\t\t\t\t<span class=\"elementor-button-text\">Visites guid\u00e9es hivernales<\/span>\n\t\t\t\t\t<\/span>\n\t\t\t\t\t<\/a>\n\t\t\t\t<\/div>\n\t\t\t\t\t\t\t\t<\/div>\n\t\t\t\t<\/div>\n\t\t\t\t\t<\/div>\n\t\t<\/div>\n\t\t\t\t<div class=\"elementor-column elementor-col-33 elementor-top-column elementor-element elementor-element-50a0c8a\" data-id=\"50a0c8a\" data-element_type=\"column\" data-e-type=\"column\">\n\t\t\t<div class=\"elementor-widget-wrap elementor-element-populated\">\n\t\t\t\t\t\t<div class=\"elementor-element elementor-element-b409322 elementor-widget elementor-widget-heading\" data-id=\"b409322\" data-element_type=\"widget\" data-e-type=\"widget\" data-widget_type=\"heading.default\">\n\t\t\t\t<div class=\"elementor-widget-container\">\n\t\t\t\t\t<h3 class=\"elementor-heading-title elementor-size-default\">havre de paix<\/h3>\t\t\t\t<\/div>\n\t\t\t\t<\/div>\n\t\t\t\t<div class=\"elementor-element elementor-element-ebad4a0 elementor-widget elementor-widget-image\" data-id=\"ebad4a0\" data-element_type=\"widget\" data-e-type=\"widget\" data-widget_type=\"image.default\">\n\t\t\t\t<div class=\"elementor-widget-container\">\n\t\t\t\t\t\t\t\t\t\t\t\t\t\t\t<img decoding=\"async\" width=\"1024\" height=\"683\" src=\"https:\/\/old.grimselwelt.ch\/media\/hotpot_28_by-davidbirri-1024x683.jpg\" class=\"attachment-large size-large wp-image-43744\" alt=\"\" srcset=\"https:\/\/old.grimselwelt.ch\/media\/hotpot_28_by-davidbirri-1024x683.jpg 1024w, https:\/\/old.grimselwelt.ch\/media\/hotpot_28_by-davidbirri-300x200.jpg 300w, https:\/\/old.grimselwelt.ch\/media\/hotpot_28_by-davidbirri-768x512.jpg 768w, https:\/\/old.grimselwelt.ch\/media\/hotpot_28_by-davidbirri-830x553.jpg 830w, https:\/\/old.grimselwelt.ch\/media\/hotpot_28_by-davidbirri-230x153.jpg 230w, https:\/\/old.grimselwelt.ch\/media\/hotpot_28_by-davidbirri-350x233.jpg 350w, https:\/\/old.grimselwelt.ch\/media\/hotpot_28_by-davidbirri-480x320.jpg 480w, https:\/\/old.grimselwelt.ch\/media\/hotpot_28_by-davidbirri-750x500.jpg 750w, https:\/\/old.grimselwelt.ch\/media\/hotpot_28_by-davidbirri.jpg 1500w\" sizes=\"(max-width: 1024px) 100vw, 1024px\" \/>\t\t\t\t\t\t\t\t\t\t\t\t\t\t\t<\/div>\n\t\t\t\t<\/div>\n\t\t\t\t<div class=\"elementor-element elementor-element-4f6114a elementor-widget elementor-widget-text-editor\" data-id=\"4f6114a\" data-element_type=\"widget\" data-e-type=\"widget\" data-widget_type=\"text-editor.default\">\n\t\t\t\t<div class=\"elementor-widget-container\">\n\t\t\t\t\t\t\t\t\t<p>A partir du 19 d\u00e9cembre 2025, le havre de paix hivernal de Grimsel Hospiz ouvrira ses portes et nous serons tr\u00e8s heureux de vous accueillir dans ce paradis hivernal.<\/p><p>Un lieu de repos et de d\u00e9tente.<\/p>\t\t\t\t\t\t\t\t<\/div>\n\t\t\t\t<\/div>\n\t\t\t\t<div class=\"elementor-element elementor-element-117a4af elementor-align-center elementor-widget elementor-widget-button\" data-id=\"117a4af\" data-element_type=\"widget\" data-e-type=\"widget\" data-widget_type=\"button.default\">\n\t\t\t\t<div class=\"elementor-widget-container\">\n\t\t\t\t\t\t\t\t\t<div class=\"elementor-button-wrapper\">\n\t\t\t\t\t<a class=\"elementor-button elementor-button-link elementor-size-sm\" href=\"https:\/\/old.grimselwelt.ch\/fr\/hotels-du-grimsel\/havre-de-paix-frfrfrr-a-lhotel-grimsel-hospiz\/\">\n\t\t\t\t\t\t<span class=\"elementor-button-content-wrapper\">\n\t\t\t\t\t\t\t\t\t<span class=\"elementor-button-text\">havre de paix<\/span>\n\t\t\t\t\t<\/span>\n\t\t\t\t\t<\/a>\n\t\t\t\t<\/div>\n\t\t\t\t\t\t\t\t<\/div>\n\t\t\t\t<\/div>\n\t\t\t\t\t<\/div>\n\t\t<\/div>\n\t\t\t\t<div class=\"elementor-column elementor-col-33 elementor-top-column elementor-element elementor-element-406cf77\" data-id=\"406cf77\" data-element_type=\"column\" data-e-type=\"column\">\n\t\t\t<div class=\"elementor-widget-wrap elementor-element-populated\">\n\t\t\t\t\t\t<div class=\"elementor-element elementor-element-efc6d3b elementor-widget elementor-widget-heading\" data-id=\"efc6d3b\" data-element_type=\"widget\" data-e-type=\"widget\" data-widget_type=\"heading.default\">\n\t\t\t\t<div class=\"elementor-widget-container\">\n\t\t\t\t\t<h3 class=\"elementor-heading-title elementor-size-default\">Remont\u00e9es m\u00e9caniques<\/h3>\t\t\t\t<\/div>\n\t\t\t\t<\/div>\n\t\t\t\t<div class=\"elementor-element elementor-element-b0107c3 elementor-widget elementor-widget-image\" data-id=\"b0107c3\" data-element_type=\"widget\" data-e-type=\"widget\" data-widget_type=\"image.default\">\n\t\t\t\t<div class=\"elementor-widget-container\">\n\t\t\t\t\t\t\t\t\t\t\t\t\t\t\t<img decoding=\"async\" width=\"750\" height=\"500\" src=\"https:\/\/old.grimselwelt.ch\/media\/gelmerbahn-in-fahrt-750x500.jpg\" class=\"attachment-spotlight-medium size-spotlight-medium wp-image-43754\" alt=\"Le t\u00e9l\u00e9ph\u00e9rique de Gelmer en marche\" srcset=\"https:\/\/old.grimselwelt.ch\/media\/gelmerbahn-in-fahrt-750x500.jpg 750w, https:\/\/old.grimselwelt.ch\/media\/gelmerbahn-in-fahrt-300x200.jpg 300w, https:\/\/old.grimselwelt.ch\/media\/gelmerbahn-in-fahrt-1024x683.jpg 1024w, https:\/\/old.grimselwelt.ch\/media\/gelmerbahn-in-fahrt-768x512.jpg 768w, https:\/\/old.grimselwelt.ch\/media\/gelmerbahn-in-fahrt-1536x1024.jpg 1536w, https:\/\/old.grimselwelt.ch\/media\/gelmerbahn-in-fahrt-830x553.jpg 830w, https:\/\/old.grimselwelt.ch\/media\/gelmerbahn-in-fahrt-230x153.jpg 230w, https:\/\/old.grimselwelt.ch\/media\/gelmerbahn-in-fahrt-350x233.jpg 350w, https:\/\/old.grimselwelt.ch\/media\/gelmerbahn-in-fahrt-480x320.jpg 480w, https:\/\/old.grimselwelt.ch\/media\/gelmerbahn-in-fahrt.jpg 1620w\" sizes=\"(max-width: 750px) 100vw, 750px\" \/>\t\t\t\t\t\t\t\t\t\t\t\t\t\t\t<\/div>\n\t\t\t\t<\/div>\n\t\t\t\t<div class=\"elementor-element elementor-element-9c51998 elementor-widget elementor-widget-text-editor\" data-id=\"9c51998\" data-element_type=\"widget\" data-e-type=\"widget\" data-widget_type=\"text-editor.default\">\n\t\t\t\t<div class=\"elementor-widget-container\">\n\t\t\t\t\t\t\t\t\t<p>L&rsquo;exploitation du Gersteneggbahn a \u00e9t\u00e9 arr\u00eat\u00e9e \u00e0 la fin du mois d&rsquo;avril 2025.<br>Pendant la saison d&rsquo;hiver 2025\/2026, il n&rsquo;y a que la possibilit\u00e9 de se rendre au Gerstenegg par l&rsquo;une des entreprises de taxi mentionn\u00e9es ci-dessous, au d\u00e9part de Meiringen, Innertkirchen ou Guttannen, via la galerie de desserte Handeck-Gerstenegg.<\/p>\t\t\t\t\t\t\t\t<\/div>\n\t\t\t\t<\/div>\n\t\t\t\t<div class=\"elementor-element elementor-element-f00eb9b elementor-align-center elementor-widget elementor-widget-button\" data-id=\"f00eb9b\" data-element_type=\"widget\" data-e-type=\"widget\" data-widget_type=\"button.default\">\n\t\t\t\t<div class=\"elementor-widget-container\">\n\t\t\t\t\t\t\t\t\t<div class=\"elementor-button-wrapper\">\n\t\t\t\t\t<a class=\"elementor-button elementor-button-link elementor-size-sm\" href=\"https:\/\/old.grimselwelt.ch\/fr\/remontees-mecaniques\/\">\n\t\t\t\t\t\t<span class=\"elementor-button-content-wrapper\">\n\t\t\t\t\t\t\t\t\t<span class=\"elementor-button-text\">Remont\u00e9es m\u00e9caniques<\/span>\n\t\t\t\t\t<\/span>\n\t\t\t\t\t<\/a>\n\t\t\t\t<\/div>\n\t\t\t\t\t\t\t\t<\/div>\n\t\t\t\t<\/div>\n\t\t\t\t\t<\/div>\n\t\t<\/div>\n\t\t\t\t\t<\/div>\n\t\t<\/section>\n\t\t\t\t<section class=\"elementor-section elementor-top-section elementor-element elementor-element-7db5b7f elementor-section-boxed elementor-section-height-default elementor-section-height-default\" data-id=\"7db5b7f\" data-element_type=\"section\" data-e-type=\"section\">\n\t\t\t\t\t\t<div class=\"elementor-container elementor-column-gap-default\">\n\t\t\t\t\t<div class=\"elementor-column elementor-col-100 elementor-top-column elementor-element elementor-element-b7fc44a\" data-id=\"b7fc44a\" data-element_type=\"column\" data-e-type=\"column\">\n\t\t\t<div class=\"elementor-widget-wrap elementor-element-populated\">\n\t\t\t\t\t\t<div class=\"elementor-element elementor-element-e5511f2 elementor-widget elementor-widget-heading\" data-id=\"e5511f2\" data-element_type=\"widget\" data-e-type=\"widget\" data-widget_type=\"heading.default\">\n\t\t\t\t<div class=\"elementor-widget-container\">\n\t\t\t\t\t<span class=\"elementor-heading-title elementor-size-default\">J'ai besoin de la force de la nature<\/span>\t\t\t\t<\/div>\n\t\t\t\t<\/div>\n\t\t\t\t<div class=\"elementor-element elementor-element-f352508 elementor-widget elementor-widget-video\" data-id=\"f352508\" data-element_type=\"widget\" data-e-type=\"widget\" data-settings=\"{&quot;video_type&quot;:&quot;hosted&quot;,&quot;controls&quot;:&quot;yes&quot;}\" data-widget_type=\"video.default\">\n\t\t\t\t<div class=\"elementor-widget-container\">\n\t\t\t\t\t\t\t<div class=\"e-hosted-video elementor-wrapper elementor-open-inline\">\n\t\t\t\t\t<video class=\"elementor-video\" src=\"https:\/\/old.grimselwelt.ch\/media\/schweiz_tourismus_ich_brauch_die_kraft_klein.mp4\" controls=\"\" preload=\"metadata\" controlsList=\"nodownload\"><\/video>\n\t\t\t\t<\/div>\n\t\t\t\t\t\t<\/div>\n\t\t\t\t<\/div>\n\t\t\t\t<div class=\"elementor-element elementor-element-0c435e7 elementor-widget elementor-widget-heading\" data-id=\"0c435e7\" data-element_type=\"widget\" data-e-type=\"widget\" data-widget_type=\"heading.default\">\n\t\t\t\t<div class=\"elementor-widget-container\">\n\t\t\t\t\t<span class=\"elementor-heading-title elementor-size-default\">Suisse Tourisme pr\u00e9sente le Grimselwelt<\/span>\t\t\t\t<\/div>\n\t\t\t\t<\/div>\n\t\t\t\t\t<\/div>\n\t\t<\/div>\n\t\t\t\t\t<\/div>\n\t\t<\/section>\n\t\t\t\t<\/div>\n\t\t","protected":false},"excerpt":{"rendered":"<p>Le monde de l&rsquo;hydro\u00e9lectricit\u00e9 D\u00e9couvrez des remont\u00e9es m\u00e9caniques spectaculaires, explorez des lacs de barrage vert \u00e9meraude, laissez-vous guider \u00e0 travers nos centrales \u00e9lectriques souterraines et d\u00e9tendez-vous dans nos charmants h\u00f4tels de montagne. Ici, chaque excursion devient une exp\u00e9rience inoubliable ! [&hellip;]<\/p>\n","protected":false},"author":1,"featured_media":43742,"parent":0,"menu_order":0,"comment_status":"closed","ping_status":"closed","template":"","meta":{"footnotes":""},"class_list":["post-43707","page","type-page","status-publish","has-post-thumbnail","hentry"],"_links":{"self":[{"href":"https:\/\/old.grimselwelt.ch\/fr\/wp-json\/wp\/v2\/pages\/43707","targetHints":{"allow":["GET"]}}],"collection":[{"href":"https:\/\/old.grimselwelt.ch\/fr\/wp-json\/wp\/v2\/pages"}],"about":[{"href":"https:\/\/old.grimselwelt.ch\/fr\/wp-json\/wp\/v2\/types\/page"}],"author":[{"embeddable":true,"href":"https:\/\/old.grimselwelt.ch\/fr\/wp-json\/wp\/v2\/users\/1"}],"replies":[{"embeddable":true,"href":"https:\/\/old.grimselwelt.ch\/fr\/wp-json\/wp\/v2\/comments?post=43707"}],"version-history":[{"count":19,"href":"https:\/\/old.grimselwelt.ch\/fr\/wp-json\/wp\/v2\/pages\/43707\/revisions"}],"predecessor-version":[{"id":44157,"href":"https:\/\/old.grimselwelt.ch\/fr\/wp-json\/wp\/v2\/pages\/43707\/revisions\/44157"}],"wp:featuredmedia":[{"embeddable":true,"href":"https:\/\/old.grimselwelt.ch\/fr\/wp-json\/wp\/v2\/media\/43742"}],"wp:attachment":[{"href":"https:\/\/old.grimselwelt.ch\/fr\/wp-json\/wp\/v2\/media?parent=43707"}],"curies":[{"name":"wp","href":"https:\/\/api.w.org\/{rel}","templated":true}]}}